{"id":1072,"date":"2018-05-25T18:23:50","date_gmt":"2018-05-25T17:23:50","guid":{"rendered":"http:\/\/www.kurzzeittherapie-neu-ulm.de\/?page_id=1072"},"modified":"2024-06-12T11:01:25","modified_gmt":"2024-06-12T10:01:25","slug":"herzlich-willkommen","status":"publish","type":"page","link":"https:\/\/www.kurzzeittherapie-neu-ulm.de\/","title":{"rendered":"herzlich willkommen&#8230;"},"content":{"rendered":"\n<div class=\"wp-block-group is-layout-flow wp-block-group-is-layout-flow\"><div class=\"wp-block-group__inner-container\">\n<h4><strong>\u2026liebe Besucherin, lieber Besucher\u00a0 \u00a0<\/strong><\/h4>\n<p>\u00a0<\/p>\n<p><a href=\"http:\/\/www.kurzzeittherapie-neu-ulm.de\/wp-content\/uploads\/2023\/07\/jutta-portrait-3.jpg\"><img decoding=\"async\" loading=\"lazy\" class=\"wp-image-1390  alignleft\" src=\"http:\/\/www.kurzzeittherapie-neu-ulm.de\/wp-content\/uploads\/2023\/07\/jutta-portrait-3.jpg\" alt=\"\" width=\"186\" height=\"247\" srcset=\"https:\/\/www.kurzzeittherapie-neu-ulm.de\/wp-content\/uploads\/2023\/07\/jutta-portrait-3.jpg 1764w, https:\/\/www.kurzzeittherapie-neu-ulm.de\/wp-content\/uploads\/2023\/07\/jutta-portrait-3-225x300.jpg 225w, https:\/\/www.kurzzeittherapie-neu-ulm.de\/wp-content\/uploads\/2023\/07\/jutta-portrait-3-770x1024.jpg 770w, https:\/\/www.kurzzeittherapie-neu-ulm.de\/wp-content\/uploads\/2023\/07\/jutta-portrait-3-768x1022.jpg 768w, https:\/\/www.kurzzeittherapie-neu-ulm.de\/wp-content\/uploads\/2023\/07\/jutta-portrait-3-1154x1536.jpg 1154w, https:\/\/www.kurzzeittherapie-neu-ulm.de\/wp-content\/uploads\/2023\/07\/jutta-portrait-3-1539x2048.jpg 1539w\" sizes=\"(max-width: 186px) 100vw, 186px\" \/><\/a><\/p>\n<p>Auf dieser Homepage k\u00f6nnen Sie sich <a href=\"http:\/\/www.kurzzeittherapie-neu-ulm.de\/?page_id=8\">\u00fcber mich<\/a> und meine Arbeit informieren,<br \/>ebenso \u00fcber unsere Praxisgemeinschaft und \u00fcber <a href=\"http:\/\/www.kurzzeittherapie-neu-ulm.de\/?p=83\">aktuelle Seminare und Veranstaltungen<\/a>\u2026..<br \/>\u2026Und &#8211; in meinem Beruf besonders wichtig &#8211; sich schon ein wenig vertraut machen mit meinem Stil und meiner Stimme (siehe<strong>\u00a0<a href=\"http:\/\/www.kurzzeittherapie-neu-ulm.de\/?p=110\">Interview zu Paartherapie<\/a><\/strong>).<\/p>\n<p>Sie finden meine verschiedenen Schwerpunkte unter den angegeben Stichw\u00f6rtern wie<\/p>\n<p><span style=\"color: #333399;\"><strong>&#8211; <a style=\"color: #333399;\" href=\"http:\/\/www.kurzzeittherapie-neu-ulm.de\/?page_id=53\">Paarcoaching \/ Paartherapie<\/a><\/strong><\/span><\/p>\n<p><span style=\"color: #333399;\"><strong>&#8211; <a style=\"color: #333399;\" href=\"http:\/\/www.kurzzeittherapie-neu-ulm.de\/?page_id=53\">Trennungsberatung<\/a><\/strong><\/span><\/p>\n<p><span style=\"color: #333399;\"><strong>&#8211; <a style=\"color: #333399;\" href=\"http:\/\/www.kurzzeittherapie-neu-ulm.de\/?page_id=53\">Conscious Uncoupling\/Mediation<\/a><\/strong><\/span><\/p>\n<p><span style=\"color: #333399;\"><strong>&#8211; <a style=\"color: #333399;\" href=\"http:\/\/www.kurzzeittherapie-neu-ulm.de\/?page_id=53\">Sexualtherapie<\/a><\/strong><\/span><\/p>\n<p><span style=\"color: #333399;\"><strong>&#8211; <a style=\"color: #333399;\" href=\"http:\/\/www.kurzzeittherapie-neu-ulm.de\/?page_id=162\">Hypnose \/ Hypnotherapie<\/a><\/strong><\/span><\/p>\n<p><span style=\"color: #333399;\"><strong>\u2013 <a style=\"color: #333399;\" href=\"http:\/\/www.kurzzeittherapie-neu-ulm.de\/?page_id=155\">Kurzzeittherapie (Psychotherapie f\u00fcr Einzelne)<\/a>\u00a0<\/strong><\/span><\/p>\n<p><span style=\"color: #333399;\"><strong>&#8211; <a style=\"color: #333399;\" href=\"http:\/\/www.kurzzeittherapie-neu-ulm.de\/?page_id=75\">Achtsamkeit und Selbstmitgef\u00fchl<\/a><\/strong><\/span><\/p>\n<p><span style=\"color: #333399;\"><strong>\u2013 KommunikationsCoaching und-training<\/strong><\/span><\/p>\n<p><span style=\"color: #333399;\"><strong>\u2013 Erkennen von Pers\u00f6nlichkeitsstrukturen,z.B. Hochsensible Pers\u00f6nlichkeit (HSP)\u00a0<\/strong><\/span><\/p>\n<p><span style=\"color: #333399;\"><strong>u.A.<\/strong><\/span><\/p>\n<p>Die Seite zu meiner T\u00e4tigkeit als<span style=\"color: #333333;\"> \u00a0<strong>Supervisorin \/ Coach<\/strong><\/span>\u00a0wird demn\u00e4chst neu eingestellt<br \/>ebenso ein neues hypnotherapeutisches Angebot zum Thema <strong>Sterben \/ Tod \/ Trauer<\/strong><\/p>\n<p>Sollten Sie weitere Fragen und Interessen haben, <a href=\"http:\/\/www.kurzzeittherapie-neu-ulm.de\/?page_id=14\">schreiben Sie mir oder rufen Sie an<\/a>.<\/p>\n<p>Ich \u00a0melde mich dann so schnell als m\u00f6glich bei Ihnen\u2026.<\/p>\n<p>\u2026\u2026\u2026\u2026\u2026\u2026\u2026\u2026\u2026\u2026\u2026\u2026\u2026\u2026\u2026\u2026\u2026\u2026.. Ihre Jutta M\u00fcller-Fahrenkamp<\/p>\n<\/div><\/div>\n","protected":false},"excerpt":{"rendered":"<p>\u2026liebe Besucherin, lieber Besucher\u00a0 \u00a0 \u00a0 Auf dieser Homepage k\u00f6nnen Sie sich \u00fcber mich und meine Arbeit informieren,ebenso \u00fcber unsere Praxisgemeinschaft und \u00fcber aktuelle Seminare&hellip;<\/p>\n","protected":false},"author":1,"featured_media":0,"parent":0,"menu_order":0,"comment_status":"closed","ping_status":"closed","template":"","meta":{"_s2mail":"yes","footnotes":""},"aioseo_notices":[],"_links":{"self":[{"href":"https:\/\/www.kurzzeittherapie-neu-ulm.de\/index.php?rest_route=\/wp\/v2\/pages\/1072"}],"collection":[{"href":"https:\/\/www.kurzzeittherapie-neu-ulm.de\/index.php?rest_route=\/wp\/v2\/pages"}],"about":[{"href":"https:\/\/www.kurzzeittherapie-neu-ulm.de\/index.php?rest_route=\/wp\/v2\/types\/page"}],"author":[{"embeddable":true,"href":"https:\/\/www.kurzzeittherapie-neu-ulm.de\/index.php?rest_route=\/wp\/v2\/users\/1"}],"replies":[{"embeddable":true,"href":"https:\/\/www.kurzzeittherapie-neu-ulm.de\/index.php?rest_route=%2Fwp%2Fv2%2Fcomments&post=1072"}],"version-history":[{"count":33,"href":"https:\/\/www.kurzzeittherapie-neu-ulm.de\/index.php?rest_route=\/wp\/v2\/pages\/1072\/revisions"}],"predecessor-version":[{"id":1408,"href":"https:\/\/www.kurzzeittherapie-neu-ulm.de\/index.php?rest_route=\/wp\/v2\/pages\/1072\/revisions\/1408"}],"wp:attachment":[{"href":"https:\/\/www.kurzzeittherapie-neu-ulm.de\/index.php?rest_route=%2Fwp%2Fv2%2Fmedia&parent=1072"}],"curies":[{"name":"wp","href":"https:\/\/api.w.org\/{rel}","templated":true}]}}