{"id":14,"date":"2013-01-01T14:08:34","date_gmt":"2013-01-01T13:08:34","guid":{"rendered":"http:\/\/www.kurzzeittherapie-neu-ulm.de\/wordpress\/?page_id=14"},"modified":"2019-09-10T19:29:59","modified_gmt":"2019-09-10T18:29:59","slug":"kontakt","status":"publish","type":"page","link":"https:\/\/www.kurzzeittherapie-neu-ulm.de\/?page_id=14","title":{"rendered":"Kontakt"},"content":{"rendered":"<p>Unsere Gemeinschaftspraxis befindet sich in der <strong><a href=\"https:\/\/goo.gl\/maps\/3MpXBHfJ8ey\" target=\"_blank\" rel=\"noopener\">Memelstr. 16 in Neu-Ulm\u00a0<\/a><\/strong>(siehe Karte unten)<br \/>\nDas ist in der N\u00e4he vom Erlebnisbad \/ Donaubad Wonnemar,<br \/>\n<strong>Einfahrt \u00fcber Am Illerkanal, da die Memelstra\u00dfe im vorderen Bereich Einbahnstra\u00dfe ist.<\/strong><\/p>\n<p>Telefonisch erreichen Sie mich\u00a0unter der Telefonnummer\u00a0 \u00a0<strong><a href=\"tel:+497311762049\">0731-1762049\u00a0<\/a><\/strong>(mit AB )<br \/>\noder schreiben Sie mir eine Nachricht: <a href=\"mailto:muellerfahrenkamp@gmail.com\">muellerfahrenkamp@gmail.com<\/a><\/p>\n<p>&#8211; \u00a0R\u00fcckmeldung \u00a0 normalerweise innerhalb 48 Std \u00a0&#8211;<\/p>\n<p><iframe loading=\"lazy\" style=\"border: 0;\" src=\"https:\/\/www.google.com\/maps\/embed?pb=!1m14!1m8!1m3!1d5299.270368299313!2d9.9863625!3d48.3867439!3m2!1i1024!2i768!4f13.1!3m3!1m2!1s0x47996697c76175bb%3A0x5fd06edc021c280c!2sMemelstra%C3%9Fe+16%2C+89231+Neu-Ulm!5e0!3m2!1sde!2sde!4v1518275262050\" width=\"600\" height=\"450\" frameborder=\"0\" allowfullscreen=\"allowfullscreen\"><\/iframe><\/p>\n<p>&nbsp;<\/p>\n<hr \/>\n<p>&nbsp;<\/p>\n","protected":false},"excerpt":{"rendered":"<p>Unsere Gemeinschaftspraxis befindet sich in der Memelstr. 16 in Neu-Ulm\u00a0(siehe Karte unten) Das ist in der N\u00e4he vom Erlebnisbad \/ Donaubad Wonnemar, Einfahrt \u00fcber Am&hellip;<\/p>\n","protected":false},"author":1,"featured_media":0,"parent":0,"menu_order":6,"comment_status":"closed","ping_status":"open","template":"","meta":{"_s2mail":"","footnotes":""},"aioseo_notices":[],"_links":{"self":[{"href":"https:\/\/www.kurzzeittherapie-neu-ulm.de\/index.php?rest_route=\/wp\/v2\/pages\/14"}],"collection":[{"href":"https:\/\/www.kurzzeittherapie-neu-ulm.de\/index.php?rest_route=\/wp\/v2\/pages"}],"about":[{"href":"https:\/\/www.kurzzeittherapie-neu-ulm.de\/index.php?rest_route=\/wp\/v2\/types\/page"}],"author":[{"embeddable":true,"href":"https:\/\/www.kurzzeittherapie-neu-ulm.de\/index.php?rest_route=\/wp\/v2\/users\/1"}],"replies":[{"embeddable":true,"href":"https:\/\/www.kurzzeittherapie-neu-ulm.de\/index.php?rest_route=%2Fwp%2Fv2%2Fcomments&post=14"}],"version-history":[{"count":82,"href":"https:\/\/www.kurzzeittherapie-neu-ulm.de\/index.php?rest_route=\/wp\/v2\/pages\/14\/revisions"}],"predecessor-version":[{"id":1288,"href":"https:\/\/www.kurzzeittherapie-neu-ulm.de\/index.php?rest_route=\/wp\/v2\/pages\/14\/revisions\/1288"}],"wp:attachment":[{"href":"https:\/\/www.kurzzeittherapie-neu-ulm.de\/index.php?rest_route=%2Fwp%2Fv2%2Fmedia&parent=14"}],"curies":[{"name":"wp","href":"https:\/\/api.w.org\/{rel}","templated":true}]}}