{"id":155,"date":"2009-11-04T15:55:47","date_gmt":"2009-11-04T13:55:47","guid":{"rendered":"http:\/\/www.kurzzeittherapie-neu-ulm.de\/?page_id=155"},"modified":"2018-06-04T10:05:57","modified_gmt":"2018-06-04T09:05:57","slug":"losungsorientierte-kurzzeit-therapie","status":"publish","type":"page","link":"https:\/\/www.kurzzeittherapie-neu-ulm.de\/?page_id=155","title":{"rendered":"Kurzzeit-Therapie"},"content":{"rendered":"<p><img decoding=\"async\" loading=\"lazy\" class=\"size-full wp-image-251 alignright\" title=\"Wie bieten l\u00f6sdungsorientierte Kurzzeit-Therapie an.\" src=\"http:\/\/www.kurzzeittherapie-neu-ulm.de\/wp-content\/uploads\/2009\/11\/sofa.jpg\" alt=\"Wie bieten l\u00f6sdungsorientierte Kurzzeit-Therapie an.\" width=\"300\" height=\"225\" \/><\/p>\n<p>In unserer Privatpraxis in Neu-Ulm (Memelstr. 16) arbeiten neben mir 3 weitere Therapeutinnen.<br \/>\nWir bieten mit unterschiedlichen Schwerpunkten l\u00f6sungs- und ressourcenorientierte Einzeltherapie, Paar-und Sexualtherapie\u00a0 und Supervision an.<br \/>\nIm Fokus stehen bei all unseren Angeboten zun\u00e4chst unsere Klienten und Klientinnen und ihre W\u00fcnsche nach Ver\u00e4nderung.\u00a0 Es geht immer um L\u00f6sungen &#8211; f\u00fcr jedes Problem gibt es mindestens eine.\u00a0\u00a0 Im Wissen, dass die Menschen, die uns in unserer Praxis aufsuchen, alle Ressourcen mit sich bringen, um ihre Probleme zu l\u00f6sen, sehen wir uns als passagere, professionelle Wegbegleiter zum gew\u00fcnschten Ziel.<br \/>\nWir arbeiten alle eigenst\u00e4ndig &#8211; unterst\u00fctzen und vertreten uns jedoch bei Bedarf.<\/p>\n<p><strong>Wir bieten l\u00f6sungsorientierte Kurzzeit-Therapie an.<\/strong><\/p>\n<h4>Was hei\u00dft Kurzzeittherapie\u00a0\u00a0 :<\/h4>\n<h2><strong><span style=\"color: #888888;\">So kur<\/span><span style=\"color: #888888;\">z wie m\u00f6glich und<\/span><\/strong><strong><span style=\"color: #888888;\"> so lang<\/span><\/strong><span style=\"color: #888888;\"><strong>e wie n\u00f6tig !!<\/strong><\/span><\/h2>\n<p>das\u00a0 bedeutet, :<\/p>\n<ul>\n<li>es handelt sich um eine ziel- und l\u00f6sungsorientierte Therapie , in denen oft schon wenige Therapiestunden zu einer L\u00f6sung f\u00fchren. Der Focus liegt dabei auf dem Ziel. \u201eZu jedem Problem, gibt es bereits eine L\u00f6sung-Das Unterbewusste weiss,was zu tun ist\u201c.<\/li>\n<li>Jede Person, jedes Paar, jedes Team verf\u00fcgt\u00a0 \u00fcber die L\u00f6sungen der Probleme, kann sie aber nicht wahr-nehmen.<\/li>\n<li>Auf dieseF\u00e4higkeiten und Ressourcen wird focussiert. Oft vergessen wir, unsere positiven Seiten und F\u00e4higkeiten wahrzunehmen. (Wir k\u00f6nnen auf viele Erfolge und Leistungen im Leben zur\u00fcckgreifen, z.B. Wir alle haben lesen gelernt- das ist f\u00fcr ein Kind eine enorme Leistung- ohne das wir das gewu\u00dft und beachtet h\u00e4tten. )<\/li>\n<li>Es handelt sich um eine individuelle Therapie, dass hei\u00dft es wird auf Sie sehr pers\u00f6nlich eingegangen und die Therapie wird \u201ema\u00dfgeschneidert\u201c nach Ihren Bed\u00fcrfnissen und mit Ihnen zusammen \u201eangefertigt\u201c.<\/li>\n<li>Bei Bedarf bieten wir auch l\u00e4ngerfristige Begleitung an. Manche Themen wie z.B. Trauerbegleitung oder Trennung brauchen Zeit f\u00fcr den Verarbeitungs-prozess.<\/li>\n<\/ul>\n<h4>Wir wenden folgende Methoden an:<\/h4>\n<ul>\n<li style=\"list-style-type: none;\">\n<ul>\n<li>Paarcoaching\/Paartherapie\/Sexualtherapie-auch Mediation od. Trennungsberatung &#8211; <a title=\"Informationen \u00fcber Paarberatung\/Paartherapie\" href=\"http:\/\/www.kurzzeittherapie-neu-ulm.de\/?page_id=53\" target=\"_self\">detaillierte Informationen<\/a><\/li>\n<li>NLP (neurolinguistisches Programmieren) &#8211; <a title=\"Informationen \u00fcber NLP\" href=\"http:\/\/www.kurzzeittherapie-neu-ulm.de\/?page_id=69\" target=\"_self\">detaillierte Informationen<\/a><\/li>\n<li>Hypnose\/Hypnotherapie &#8211; <a title=\"Informationen \u00fcber Hypnose\/Hypnotherapie\" href=\"http:\/\/www.kurzzeittherapie-neu-ulm.de\/?page_id=162\" target=\"_self\">detaillierte Informationen<\/a><\/li>\n<li>Achtsamkeitstraining<\/li>\n<li>Gespr\u00e4chstherapie<\/li>\n<li>Systemische Therapie\/Beratung<\/li>\n<li>Familien- und System-Aufstellung &#8211; <a title=\"Informationen zur Familien- oder System-Aufstellung\" href=\"http:\/\/www.kurzzeittherapie-neu-ulm.de\/?page_id=143\" target=\"_self\">detaillierte Informationen<\/a><\/li>\n<li>Seminare &#8211; <a title=\"Informationen \u00fcber Seminare\" href=\"http:\/\/www.kurzzeittherapie-neu-ulm.de\/?page_id=75\" target=\"_blank\" rel=\"noopener\">detaillierte Informationen<\/a><\/li>\n<\/ul>\n<\/li>\n<\/ul>\n<p>Meine Kolleginnen sind<br \/>\n<strong> Dipl.Psych.Margit Manju D\u00fcrr <\/strong>-meine langj\u00e4hrige Praxiskollegin, mit der ich auch eng zusammen arbeite-<strong><br \/>\nDr.Karin Hartmann<br \/>\nDipl.P\u00e4d. Elfriede Probst-Klier<\/strong><br \/>\n\u00dcber sie k\u00f6nnen sich sich auf ihren Homepages gesondert informieren.<\/p>\n","protected":false},"excerpt":{"rendered":"<p>In unserer Privatpraxis in Neu-Ulm (Memelstr. 16) arbeiten neben mir 3 weitere Therapeutinnen. Wir bieten mit unterschiedlichen Schwerpunkten l\u00f6sungs- und ressourcenorientierte Einzeltherapie, Paar-und Sexualtherapie\u00a0 und&hellip;<\/p>\n","protected":false},"author":3,"featured_media":0,"parent":0,"menu_order":1,"comment_status":"closed","ping_status":"open","template":"","meta":{"_s2mail":"","footnotes":""},"aioseo_notices":[],"_links":{"self":[{"href":"https:\/\/www.kurzzeittherapie-neu-ulm.de\/index.php?rest_route=\/wp\/v2\/pages\/155"}],"collection":[{"href":"https:\/\/www.kurzzeittherapie-neu-ulm.de\/index.php?rest_route=\/wp\/v2\/pages"}],"about":[{"href":"https:\/\/www.kurzzeittherapie-neu-ulm.de\/index.php?rest_route=\/wp\/v2\/types\/page"}],"author":[{"embeddable":true,"href":"https:\/\/www.kurzzeittherapie-neu-ulm.de\/index.php?rest_route=\/wp\/v2\/users\/3"}],"replies":[{"embeddable":true,"href":"https:\/\/www.kurzzeittherapie-neu-ulm.de\/index.php?rest_route=%2Fwp%2Fv2%2Fcomments&post=155"}],"version-history":[{"count":37,"href":"https:\/\/www.kurzzeittherapie-neu-ulm.de\/index.php?rest_route=\/wp\/v2\/pages\/155\/revisions"}],"predecessor-version":[{"id":1192,"href":"https:\/\/www.kurzzeittherapie-neu-ulm.de\/index.php?rest_route=\/wp\/v2\/pages\/155\/revisions\/1192"}],"wp:attachment":[{"href":"https:\/\/www.kurzzeittherapie-neu-ulm.de\/index.php?rest_route=%2Fwp%2Fv2%2Fmedia&parent=155"}],"curies":[{"name":"wp","href":"https:\/\/api.w.org\/{rel}","templated":true}]}}