{"id":16,"date":"2009-08-01T14:12:03","date_gmt":"2009-08-01T13:12:03","guid":{"rendered":"http:\/\/www.kurzzeittherapie-neu-ulm.de\/wordpress\/?page_id=16"},"modified":"2018-05-25T10:39:05","modified_gmt":"2018-05-25T09:39:05","slug":"impressum","status":"publish","type":"page","link":"https:\/\/www.kurzzeittherapie-neu-ulm.de\/?page_id=16","title":{"rendered":"Impressum"},"content":{"rendered":"<h4><strong>Anbieterkennzeichnung gem\u00e4\u00df \u00a7\u00a7 6 TDG, 10 MDStV<\/strong><\/h4>\n<p>Die Internet-Seite ist ein Online-Angebot von Jutta M\u00fcller-Fahrenkamp , Neu-Ulm.<\/p>\n<blockquote><p><strong>Anschrift:<\/strong><\/p>\n<p>Jutta M\u00fcller-Fahrenkamp<\/p>\n<p>Praxisgemeinschaft<br \/>\nMemelstr.16<br \/>\n89231 Neu-Ulm<\/p>\n<p>Tel.: 0731 &#8211; 17 6 20 49<\/p>\n<p>eMail: <a href=\"mailto:muellerfahrenkamp@googlemail.com\">muellerfahrenkamp@googlemail.com<\/a><br \/>\nInternet: www.kurzzeittherapie-neu-ulm.de<\/p><\/blockquote>\n<h4>Haftungsausschluss<\/h4>\n<h5>1. Inhalt des Onlineangebotes<\/h5>\n<p>Die Autoren \u00fcbernehmen keinerlei Gew\u00e4hr f\u00fcr die Aktualit\u00e4t, Korrektheit, Vollst\u00e4ndigkeit oder Qualit\u00e4t der bereitgestellten Informationen, der angebotenen Online-Scans oder Downloads, die nicht aus eigenen Quellen stammen.<br \/>\nHaftungsanspr\u00fcche gegen die Autoren, welche sich auf Sch\u00e4den materieller oder ideeller Art beziehen, die durch die Nutzung oder Nichtnutzung der dargebotenen Informationen bzw. durch die Nutzung fehlerhafter und unvollst\u00e4ndiger Informationen verursacht wurden, sind grunds\u00e4tzlich ausgeschlossen, sofern seitens des Autors kein nachweislich vors\u00e4tzliches oder grob fahrl\u00e4ssiges Verschulden vorliegt.<br \/>\nAlle Angebote sind freibleibend und unverbindlich. Die Autoren beh\u00e4lt es sich ausdr\u00fccklich vor, Teile der Seiten oder das gesamte Angebot ohne gesonderte Ank\u00fcndigung zu ver\u00e4ndern, zu erg\u00e4nzen, zu l\u00f6schen oder die Ver\u00f6ffentlichung zeitweise oder endg\u00fcltig einzustellen.<\/p>\n<h5>2. Verweise und Links<\/h5>\n<p>Bei direkten oder indirekten Verweisen auf fremde Webseiten (\u201dHyperlinks\u201d), die au\u00dferhalb des Verantwortungsbereiches des Autors liegen, w\u00fcrde eine Haftungsverpflichtung ausschlie\u00dflich in dem Fall in Kraft treten, in dem die Autoren von den Inhalten Kenntnis hat und es ihm technisch m\u00f6glich und zumutbar w\u00e4re, die Nutzung im Falle rechtswidriger Inhalte zu verhindern.<br \/>\nDie Autoren erkl\u00e4rt hiermit ausdr\u00fccklich, dass zum Zeitpunkt der Linksetzung keine illegalen Inhalte auf den zu verlinkenden Seiten erkennbar waren. Auf die aktuelle und zuk\u00fcnftige Gestaltung, die Inhalte oder die Urheberschaft der gelinkten\/verkn\u00fcpften Seiten hat der Autor keinerlei Einfluss. Deshalb distanziert er sich hiermit ausdr\u00fccklich von allen Inhalten aller gelinkten \/verkn\u00fcpften Seiten, die nach der Linksetzung ver\u00e4ndert wurden. F\u00fcr illegale, fehlerhafte oder unvollst\u00e4ndige Inhalte und insbesondere f\u00fcr Sch\u00e4den, die aus der Nutzung oder Nichtnutzung solcherart dargebotener Informationen entstehen, haftet allein der Anbieter der Seite, auf welche verwiesen wurde, nicht derjenige, der \u00fcber Links auf die jeweilige Ver\u00f6ffentlichung lediglich verweist.<\/p>\n<h5>3. Datenschutz<\/h5>\n<p>Sofern innerhalb des Internetangebotes die M\u00f6glichkeit zur Eingabe pers\u00f6nlicher oder gesch\u00e4ftlicher Daten (Emailadressen, Namen, Anschriften) besteht, so erfolgt die Preisgabe dieser Daten seitens des Nutzers auf ausdr\u00fccklich freiwilliger Basis. Die Inanspruchnahme und Bezahlung aller angebotenen Dienste ist &#8211; soweit technisch m\u00f6glich und zumutbar &#8211; auch ohne Angabe solcher Daten bzw. unter Angabe anonymisierter Daten oder eines Pseudonyms gestattet.<br \/>\nDiese Website benutzt Google Analytics, einen Webanalysedienst der Google Inc. (\u201eGoogle\u201c) Google Analytics verwendet sog. \u201eCookies\u201c, Textdateien, die auf Ihrem Computer gespeichert werden und die eine Analyse der Benutzung der Website durch Sie erm\u00f6glicht. Die durch den Cookie erzeugten Informationen \u00fcber Ihre Benutzung diese Website (einschlie\u00dflich Ihrer IP-Adresse) wird an einen Server von Google in den USA \u00fcbertragen und dort gespeichert. Google wird diese Informationen benutzen, um Ihre Nutzung der Website auszuwerten, um Reports \u00fcber die Websiteaktivit\u00e4ten f\u00fcr die Websitebetreiber zusammenzustellen und um weitere mit der Websitenutzung und der Internetnutzung verbundene Dienstleistungen zu erbringen. Auch wird Google diese Informationen gegebenenfalls an Dritte \u00fcbertragen, sofern dies gesetzlich vorgeschrieben oder soweit Dritte diese Daten im Auftrag von Google verarbeiten. Google wird in keinem Fall Ihre IP-Adresse mit anderen Daten der Google in Verbindung bringen. Sie k\u00f6nnen die Installation der Cookies durch eine entsprechende Einstellung Ihrer Browser Software verhindern; wir weisen Sie jedoch darauf hin, dass Sie in diesem Fall gegebenenfalls nicht s\u00e4mtliche Funktionen dieser Website voll umf\u00e4nglich nutzen k\u00f6nnen. Durch die Nutzung dieser Website erkl\u00e4ren Sie sich mit der Bearbeitung der \u00fcber Sie erhobenen Daten durch Google in der zuvor beschriebenen Art und Weise und zu dem zuvor benannten Zweck einverstanden.<br \/>\nDie Nutzung der im Rahmen des Impressums oder vergleichbarer Angaben ver\u00f6ffentlichten Kontaktdaten wie Postanschriften, Telefon- und Faxnummern sowie Emailadressen durch Dritte zur \u00dcbersendung von nicht ausdr\u00fccklich angeforderten Informationen ist nicht gestattet. Rechtliche Schritte gegen die Versender von sogenannten Spam-Mails bei Verst\u00f6ssen gegen dieses Verbot sind ausdr\u00fccklich vorbehalten. Weiterf\u00fchrende Informationen finden Sie in der Datenschutzerkl\u00e4rung.<\/p>\n<h5>4. Anerkennung dieser Datenschutzerkl\u00e4rung<\/h5>\n<p>Durch Besuch dieser Website erkl\u00e4ren Sie Ihre Zustimmung zu dieser Datenschutzerkl\u00e4rung. Wenn Sie sich mit dieser Datenschutzerkl\u00e4rung nicht einverstanden erkl\u00e4ren, bitten wir Sie, diese Website nicht (weiter) zu besuchen.<br \/>\nWir behalten uns das Recht vor, nach eigenem Ermessen und jederzeit \u00c4nderungen an Teilen dieser Datenschutzerkl\u00e4rung vorzunehmen, d.h. Passagen zu erg\u00e4nzen, zu \u00e4ndern oder zu streichen. Bitte pr\u00fcfen Sie diese Seite regelm\u00e4ssig auf \u00c4nderungen. Wenn Sie diese Website auch nach erfolgten \u00c4nderungen weiter besuchen, erkl\u00e4ren Sie sich auf diesem Wege mit diesen \u00c4nderungen einverstanden.<\/p>\n<h5>5. Rechtswirksamkeit dieses Haftungsausschlusses<\/h5>\n<p>Dieser Haftungsausschluss ist als Teil des Internetangebotes zu betrachten, von dem aus auf diese Seite verwiesen wurde. Sofern Teile oder einzelne Formulierungen dieses Textes der geltenden Rechtslage nicht, nicht mehr oder nicht vollst\u00e4ndig entsprechen sollten, bleiben die \u00fcbrigen Teile des Dokumentes in ihrem Inhalt und ihrer G\u00fcltigkeit davon unber\u00fchrt.<\/p>\n<h5><strong>Links auf\u00a0unsere Seiten sind nicht verboten, sondern ausdr\u00fccklich erw\u00fcnscht.<\/strong><\/h5>\n","protected":false},"excerpt":{"rendered":"<p>Anbieterkennzeichnung gem\u00e4\u00df \u00a7\u00a7 6 TDG, 10 MDStV Die Internet-Seite ist ein Online-Angebot von Jutta M\u00fcller-Fahrenkamp , Neu-Ulm. Anschrift: Jutta M\u00fcller-Fahrenkamp Praxisgemeinschaft Memelstr.16 89231 Neu-Ulm Tel.:&hellip;<\/p>\n","protected":false},"author":1,"featured_media":0,"parent":0,"menu_order":8,"comment_status":"closed","ping_status":"closed","template":"","meta":{"_s2mail":"","footnotes":""},"aioseo_notices":[],"_links":{"self":[{"href":"https:\/\/www.kurzzeittherapie-neu-ulm.de\/index.php?rest_route=\/wp\/v2\/pages\/16"}],"collection":[{"href":"https:\/\/www.kurzzeittherapie-neu-ulm.de\/index.php?rest_route=\/wp\/v2\/pages"}],"about":[{"href":"https:\/\/www.kurzzeittherapie-neu-ulm.de\/index.php?rest_route=\/wp\/v2\/types\/page"}],"author":[{"embeddable":true,"href":"https:\/\/www.kurzzeittherapie-neu-ulm.de\/index.php?rest_route=\/wp\/v2\/users\/1"}],"replies":[{"embeddable":true,"href":"https:\/\/www.kurzzeittherapie-neu-ulm.de\/index.php?rest_route=%2Fwp%2Fv2%2Fcomments&post=16"}],"version-history":[{"count":14,"href":"https:\/\/www.kurzzeittherapie-neu-ulm.de\/index.php?rest_route=\/wp\/v2\/pages\/16\/revisions"}],"predecessor-version":[{"id":968,"href":"https:\/\/www.kurzzeittherapie-neu-ulm.de\/index.php?rest_route=\/wp\/v2\/pages\/16\/revisions\/968"}],"wp:attachment":[{"href":"https:\/\/www.kurzzeittherapie-neu-ulm.de\/index.php?rest_route=%2Fwp%2Fv2%2Fmedia&parent=16"}],"curies":[{"name":"wp","href":"https:\/\/api.w.org\/{rel}","templated":true}]}}