{"id":162,"date":"2020-02-22T16:18:00","date_gmt":"2020-02-22T15:18:00","guid":{"rendered":"http:\/\/www.kurzzeittherapie-neu-ulm.de\/?page_id=162"},"modified":"2023-07-04T08:22:02","modified_gmt":"2023-07-04T07:22:02","slug":"hypnose-hypnotherapie","status":"publish","type":"page","link":"https:\/\/www.kurzzeittherapie-neu-ulm.de\/?page_id=162","title":{"rendered":"Hypnose &#8211; Hypnotherapie"},"content":{"rendered":"<p>Besonders in der Einzeltherapie arbeite ich neben den klassischen Methoden wie Gespr\u00e4chstherapie oder Systemische Therapie vor allem mit <strong>Hypnose <\/strong>und <strong>Hypnotherapie<\/strong>, da dieser Prozess, in Kooperation mit dem Unbewu\u00dften, sehr stark von den KlientInnen selbst bestimmt wird (&#8220;Das Unbewu\u00dfte weiss,was zu tun ist!&#8221;) und deshalb auch in den meisten F\u00e4llen am schnellsten zum Ziel f\u00fchrt.<br \/>\nEs macht viel Freude und Befriedigung, in der Trancearbeit ungenutzte<strong> Ressourcen und F\u00e4higkeiten<\/strong> zu finden und f\u00fcr die L\u00f6sung zu mobilisieren!<br \/>\nAuch Gruppentherapie mittels Hypnotherapie &#8211; allen voran die &#8220;ZAUBERWIESEN-STRATEGIE&#8221; nach Dr.G\u00f6tz Renartz,Mainz hat sich als gro\u00dfer Ressourcenpool bew\u00e4hrt.<\/p>\n<p>Was ist Hypnose ?<\/p>\n<p>Hypnose hat als therapeutisches Verfahren ein lange Tradition und ist inzwischen in fast allen Bereichen der Medizin und Psychotherapie anwendbar. Seit Jahrtausenden sind Suggestionen und Trance-Rituale wichtige Bestandteile von Heilungsprozessen.<\/p>\n<p>Subjektiv wird der hypnotische Trancezustand in der Regel als Tiefenentspannung empfunden, wobei manchmal innere Bilder oder Gef\u00fchle zug\u00e4nglich werden. Suggestionen werden in Trance leichter angenommen und k\u00f6nnen f\u00fcr Heilungsprozesse genutzt werden.<\/p>\n<p>Menschen kommen in Trancezust\u00e4nden in Kontakt mit inneren Ressourcen, von denen sie h\u00e4ufig vorher nichts wussten.<\/p>\n<p>Hypnose kann alleine oder in Kombination mit anderen Verfahren zur Therapie von psychischen, psychosomatischen oder k\u00f6rperlichen St\u00f6rungen eingesetzt werden.<br \/>\n<strong><br \/>\nDie psychotherapeutische Anwendung der Hypnose wird \u201eHypnotherapie\u201c genannt,<\/strong><\/p>\n<p>und hat mit der unseri\u00f6sen und medienwirksamen <strong>Show- oder B\u00fchnenhypnose<\/strong> nichts zu tun !!!<\/p>\n<p>Meine Ausbildung in Hypnotherapie begann 1993 bei der MILTON-ERICKSON-GESELLSCHAFT <a href=\"&lt;a\">&#8220;http:\/\/www.meg-hypnose.de&#8221;<\/a>&gt; ,\u00a0 konkret am Milton-Erickson-Institut\/ Heidelberg-Rottweil ( heute 2 Institute) bei<strong> Dr. Gunther Schmidt <\/strong>und <strong>Dipl.Psych. Bernhard Trenkle<\/strong><br \/>\n.<br \/>\nParallel dazu machte ich eine AutoSystem-Hypnose &#8211; Ausbildung bei Dr. G\u00f6tz Renartz, Mainz<\/p>\n<p>Bis heute lerne und lehre ich Hypnosystemisches Denken und Handeln.<\/p>\n<p><strong>&#8220;Energy flows, where the attention goes&#8221;<\/strong><\/p>\n<p><strong>Hypnotherapie- Special : <strong>DIE ZAUBERWIESE<\/strong><\/strong><\/p>\n<p>&#8230; ist eine hypnotherapeutische Methode ,entwickelt von Dr.G\u00f6tz Renartz,bis vor ein paar Jahren Arzt,Klinikchef und Hypnotherapeut in Mainz.<br \/>\nMit dieser sog. <strong>&#8220;Autosystem-Hypnose&#8221;<\/strong> ( d.h. man kann sie selbstst\u00e4ndig anwenden) unterst\u00fctzen und steuern wir die Zusammenarbeit unseres bewu\u00dften Denkens mit dem Unbewussten und umgekehrt.<br \/>\nDas bedeutet,wir k\u00f6nnen aktiv an unseren inneren Prozessen und Entwicklungen , an Konflikten und deren L\u00f6sungen arbeiten.<br \/>\nDr.Renartz geht davon aus-und ich kann es nach 30 Jahren Anwendung nur best\u00e4tigen- dass unser Unbewu\u00dftes f\u00fcr alle Probleme L\u00f6sungen weiss, auf die aber nicht zugreifen kann, weil wir meistens mehr auf das Problem focussiert sind.<br \/>\nMit der Zauberwiese finden wir die Zug\u00e4nge zum Unbewussten und den dort zur Verf\u00fcgung stehenden Ressourcen&#8230;.<\/p>\n","protected":false},"excerpt":{"rendered":"<p>Besonders in der Einzeltherapie arbeite ich neben den klassischen Methoden wie Gespr\u00e4chstherapie oder Systemische Therapie vor allem mit Hypnose und Hypnotherapie, da dieser Prozess, in&hellip;<\/p>\n","protected":false},"author":2,"featured_media":0,"parent":155,"menu_order":0,"comment_status":"closed","ping_status":"open","template":"","meta":{"_s2mail":"yes","footnotes":""},"aioseo_notices":[],"_links":{"self":[{"href":"https:\/\/www.kurzzeittherapie-neu-ulm.de\/index.php?rest_route=\/wp\/v2\/pages\/162"}],"collection":[{"href":"https:\/\/www.kurzzeittherapie-neu-ulm.de\/index.php?rest_route=\/wp\/v2\/pages"}],"about":[{"href":"https:\/\/www.kurzzeittherapie-neu-ulm.de\/index.php?rest_route=\/wp\/v2\/types\/page"}],"author":[{"embeddable":true,"href":"https:\/\/www.kurzzeittherapie-neu-ulm.de\/index.php?rest_route=\/wp\/v2\/users\/2"}],"replies":[{"embeddable":true,"href":"https:\/\/www.kurzzeittherapie-neu-ulm.de\/index.php?rest_route=%2Fwp%2Fv2%2Fcomments&post=162"}],"version-history":[{"count":28,"href":"https:\/\/www.kurzzeittherapie-neu-ulm.de\/index.php?rest_route=\/wp\/v2\/pages\/162\/revisions"}],"predecessor-version":[{"id":1382,"href":"https:\/\/www.kurzzeittherapie-neu-ulm.de\/index.php?rest_route=\/wp\/v2\/pages\/162\/revisions\/1382"}],"up":[{"embeddable":true,"href":"https:\/\/www.kurzzeittherapie-neu-ulm.de\/index.php?rest_route=\/wp\/v2\/pages\/155"}],"wp:attachment":[{"href":"https:\/\/www.kurzzeittherapie-neu-ulm.de\/index.php?rest_route=%2Fwp%2Fv2%2Fmedia&parent=162"}],"curies":[{"name":"wp","href":"https:\/\/api.w.org\/{rel}","templated":true}]}}