{"id":69,"date":"2009-08-02T15:13:13","date_gmt":"2009-08-02T13:13:13","guid":{"rendered":"http:\/\/www.kurzzeittherapie-neu-ulm.de\/?page_id=69"},"modified":"2010-01-06T15:28:46","modified_gmt":"2010-01-06T13:28:46","slug":"nlp-neurolinguistisches-programmieren","status":"publish","type":"page","link":"https:\/\/www.kurzzeittherapie-neu-ulm.de\/?page_id=69","title":{"rendered":"NLP, neurolinguistisches Programmieren"},"content":{"rendered":"<h4>Was ist NLP?<\/h4>\n<p>Neurolinguistische Programmierung (kurz NLP) wurde Anfang der 1970er Jahre an der University of California in Santa Cruz von Richard Bandler und John Grinder als neues Verfahren der Kurzzeittherapie entwickelt.\u00a0 NLP vereinte zun\u00e4chst verschiedene psychotherapeutische Ans\u00e4tze wie Gestalttherapie, Familientherapie, Hypnotherapie zu einem ziel-und l\u00f6sungsorientierten Verfahren &#8211; eingesetzt bei Therapie sowie bei Coaching.<\/p>\n<p>Das NLP beschreibt ausgehend von Erkenntnissen der Linguistik, moderner Systemtheorie, Neurophysiologie und Psychologie wesentliche Prozesse, wie Menschen<\/p>\n<ul>\n<li>sich selbst und die Umwelt wahrnehmen<\/li>\n<li>diese Information auf ihre eigene Weise verarbeiten<\/li>\n<li>auf dieser Grundlage handeln.<\/li>\n<\/ul>\n<p>NLP zu beschreiben ist ein bisschen so, wie jemand zu beschreiben wie Schokoladeeis schmeckt, der noch nie Eis gegessen hat. Aber ich m\u00f6chte es doch versuchen und Ihnen schon einmal einen kleinen Vorgeschmack geben und Sie einladen, sich folgendes vorzustellen:<\/p>\n<ul>\n<li>Denken Sie bitte an ein sehr sch\u00f6nes Erlebnis.<\/li>\n<li>Haben Sie dazu ein inneres Bild ?<\/li>\n<li>Ist dieses Bild farbig oder schwarz-wei\u00df?<\/li>\n<li>K\u00f6nnen Sie etwas f\u00fchlen ? Wo im K\u00f6rper?<\/li>\n<li>K\u00f6nnen Sie innen etwas h\u00f6ren ?<\/li>\n<\/ul>\n<p>Damit wird dann gearbeitet: ver\u00e4ndert , verst\u00e4rkt oder was im Einzelfall eben hilfreich ist &#8211; so &#8220;geht&#8221;\u00a0 NLP.<\/p>\n<p>Ich habe 2002 den NLP-Practionner erworben und verbinde NLP gerne mit\u00a0 Methoden und Erkenntnissen aus Hypnotherapie und Systemischer Therapie.<\/p>\n","protected":false},"excerpt":{"rendered":"<p>Was ist NLP? Neurolinguistische Programmierung (kurz NLP) wurde Anfang der 1970er Jahre an der University of California in Santa Cruz von Richard Bandler und John&hellip;<\/p>\n","protected":false},"author":1,"featured_media":0,"parent":155,"menu_order":0,"comment_status":"closed","ping_status":"open","template":"","meta":{"_s2mail":"","footnotes":""},"aioseo_notices":[],"_links":{"self":[{"href":"https:\/\/www.kurzzeittherapie-neu-ulm.de\/index.php?rest_route=\/wp\/v2\/pages\/69"}],"collection":[{"href":"https:\/\/www.kurzzeittherapie-neu-ulm.de\/index.php?rest_route=\/wp\/v2\/pages"}],"about":[{"href":"https:\/\/www.kurzzeittherapie-neu-ulm.de\/index.php?rest_route=\/wp\/v2\/types\/page"}],"author":[{"embeddable":true,"href":"https:\/\/www.kurzzeittherapie-neu-ulm.de\/index.php?rest_route=\/wp\/v2\/users\/1"}],"replies":[{"embeddable":true,"href":"https:\/\/www.kurzzeittherapie-neu-ulm.de\/index.php?rest_route=%2Fwp%2Fv2%2Fcomments&post=69"}],"version-history":[{"count":14,"href":"https:\/\/www.kurzzeittherapie-neu-ulm.de\/index.php?rest_route=\/wp\/v2\/pages\/69\/revisions"}],"predecessor-version":[{"id":137,"href":"https:\/\/www.kurzzeittherapie-neu-ulm.de\/index.php?rest_route=\/wp\/v2\/pages\/69\/revisions\/137"}],"up":[{"embeddable":true,"href":"https:\/\/www.kurzzeittherapie-neu-ulm.de\/index.php?rest_route=\/wp\/v2\/pages\/155"}],"wp:attachment":[{"href":"https:\/\/www.kurzzeittherapie-neu-ulm.de\/index.php?rest_route=%2Fwp%2Fv2%2Fmedia&parent=69"}],"curies":[{"name":"wp","href":"https:\/\/api.w.org\/{rel}","templated":true}]}}