{"id":8,"date":"2013-01-01T14:07:18","date_gmt":"2013-01-01T13:07:18","guid":{"rendered":"http:\/\/www.kurzzeittherapie-neu-ulm.de\/wordpress\/?page_id=8"},"modified":"2023-07-06T08:33:42","modified_gmt":"2023-07-06T07:33:42","slug":"jutta-muller-hofmann","status":"publish","type":"page","link":"https:\/\/www.kurzzeittherapie-neu-ulm.de\/?page_id=8","title":{"rendered":"\u00dcber mich"},"content":{"rendered":"<p><strong> Jutta M\u00fcller-Fahrenkamp<a href=\"http:\/\/www.kurzzeittherapie-neu-ulm.de\/wp-content\/uploads\/2023\/07\/jutta-portrait.jpg\"><img decoding=\"async\" loading=\"lazy\" class=\"wp-image-1392 alignright\" src=\"http:\/\/www.kurzzeittherapie-neu-ulm.de\/wp-content\/uploads\/2023\/07\/jutta-portrait.jpg\" alt=\"\" width=\"196\" height=\"234\" srcset=\"https:\/\/www.kurzzeittherapie-neu-ulm.de\/wp-content\/uploads\/2023\/07\/jutta-portrait.jpg 418w, https:\/\/www.kurzzeittherapie-neu-ulm.de\/wp-content\/uploads\/2023\/07\/jutta-portrait-251x300.jpg 251w\" sizes=\"(max-width: 196px) 100vw, 196px\" \/><\/a> <\/strong><br \/>\nPaar- und Sexualtherapeutin, Hypnosetherapeutin und Supervisorin &#8212;<br \/>\nseit\u00a0 mehr als 30 Jahren selbstst\u00e4ndig in eigener Praxis t\u00e4tig.<\/p>\n<p>Dip. Soz. P\u00e4d. (GH Bamberg) und Studium der Psychologie<br \/>\nHP f\u00fcr Psychotherapie<\/p>\n<p>Neben der Einzel-Beratung und -Psychotherapie bin ich spezialisiert und ausgebildet f\u00fcr die Arbeit mit Paaren (Jellouschek, D.Schnarch) ,<br \/>\nTeams (Team-und FallSupervision) sowie Familien- und System-Aufstellungen.<\/p>\n<p>Methodisch arbeite ich neben der Gepr\u00e4chstherapie vor allem mit den Elementen<br \/>\nder <span style=\"color: #000000;\">Hypnotherapie<\/span> (Milton-Erickson-Gesellschaft),<br \/>\nder Systemischen Therapie und dem<span style=\"color: #888888;\"> <span style=\"color: #000000;\">NLP.<br \/>\nK\u00f6rperpsychotherapie nach Gerda Boyesen fliesst mit ein.<br \/>\nEin spezieller Schwerpunkt liegt prinzipiell, in Verbindung mit den anderen Methoden, auf der Achtsamkeitsbasierten Arbeit nach Jon Kabat Zinn,<br \/>\nbzw. SelbstMitgef\u00fchl nach Christopher Germer und Kristin Neff.<\/span><\/span><\/p>\n<p>Ich arbeite auch mit Paaren, bei denen eine\/r nur english spricht.<\/p>\n<p>Ich lebe in Ulm, bin verheiratet und habe 2 erwachsene S\u00f6hne und 4 Enkelkinder.<\/p>\n","protected":false},"excerpt":{"rendered":"<p>Jutta M\u00fcller-Fahrenkamp Paar- und Sexualtherapeutin, Hypnosetherapeutin und Supervisorin &#8212; seit\u00a0 mehr als 30 Jahren selbstst\u00e4ndig in eigener Praxis t\u00e4tig. Dip. Soz. P\u00e4d. (GH Bamberg) und&hellip;<\/p>\n","protected":false},"author":1,"featured_media":0,"parent":0,"menu_order":2,"comment_status":"closed","ping_status":"open","template":"","meta":{"_s2mail":"yes","footnotes":""},"aioseo_notices":[],"_links":{"self":[{"href":"https:\/\/www.kurzzeittherapie-neu-ulm.de\/index.php?rest_route=\/wp\/v2\/pages\/8"}],"collection":[{"href":"https:\/\/www.kurzzeittherapie-neu-ulm.de\/index.php?rest_route=\/wp\/v2\/pages"}],"about":[{"href":"https:\/\/www.kurzzeittherapie-neu-ulm.de\/index.php?rest_route=\/wp\/v2\/types\/page"}],"author":[{"embeddable":true,"href":"https:\/\/www.kurzzeittherapie-neu-ulm.de\/index.php?rest_route=\/wp\/v2\/users\/1"}],"replies":[{"embeddable":true,"href":"https:\/\/www.kurzzeittherapie-neu-ulm.de\/index.php?rest_route=%2Fwp%2Fv2%2Fcomments&post=8"}],"version-history":[{"count":104,"href":"https:\/\/www.kurzzeittherapie-neu-ulm.de\/index.php?rest_route=\/wp\/v2\/pages\/8\/revisions"}],"predecessor-version":[{"id":1395,"href":"https:\/\/www.kurzzeittherapie-neu-ulm.de\/index.php?rest_route=\/wp\/v2\/pages\/8\/revisions\/1395"}],"wp:attachment":[{"href":"https:\/\/www.kurzzeittherapie-neu-ulm.de\/index.php?rest_route=%2Fwp%2Fv2%2Fmedia&parent=8"}],"curies":[{"name":"wp","href":"https:\/\/api.w.org\/{rel}","templated":true}]}}